{"id":2,"date":"2019-11-12T15:49:44","date_gmt":"2019-11-12T15:49:44","guid":{"rendered":"https:\/\/themes.muffingroup.com\/be\/itservice3\/?page_id=2"},"modified":"2025-05-27T10:40:20","modified_gmt":"2025-05-27T08:40:20","slug":"sample-page","status":"publish","type":"page","link":"https:\/\/racunalniskiservis.net\/uk\/sample-page\/","title":{"rendered":"Domov"},"content":{"rendered":"<p><img decoding=\"async\" src=\"https:\/\/racunalniskiservis.net\/wp-content\/uploads\/2019\/11\/itservice3-home-icon1.png\" alt=\"\" \/><\/p>\n<h6>\u041a\u0420\u041e\u041a 1<\/h6>\n<p>\u041c\u0430\u0454\u0442\u0435 \u043f\u0440\u043e\u0431\u043b\u0435\u043c\u0438 \u0437 \u043a\u043e\u043c\u043f'\u044e\u0442\u0435\u0440\u043e\u043c?<\/p>\n<p><img decoding=\"async\" src=\"https:\/\/racunalniskiservis.net\/wp-content\/uploads\/2019\/11\/itservice3-home-icon2.png\" alt=\"\" \/><\/p>\n<h6>\u041a\u0420\u041e\u041a 2<\/h6>\n<p>\u0417\u0430\u043f\u0438\u0448\u0456\u0442\u044c\u0441\u044f \u043d\u0430 \u043f\u0440\u0438\u0439\u043e\u043c \u0434\u043e\u0434\u043e\u043c\u0443 \u0430\u0431\u043e \u0432 \u043e\u0444\u0456\u0441<\/p>\n<p><img decoding=\"async\" src=\"https:\/\/racunalniskiservis.net\/wp-content\/uploads\/2019\/11\/itservice3-home-icon3.png\" alt=\"\" \/><\/p>\n<h6>\u041a\u0420\u041e\u041a 3<\/h6>\n<p>\u041c\u0438 \u0434\u043e\u043f\u043e\u043c\u043e\u0436\u0435\u043c\u043e \u0432\u0430\u043c \u0437 \u0443\u0441\u0456\u043c\u0430 \u0432\u0430\u0448\u0438\u043c\u0438 \u043a\u043e\u043c\u043f'\u044e\u0442\u0435\u0440\u043d\u0438\u043c\u0438 \u043f\u0440\u043e\u0431\u043b\u0435\u043c\u0430\u043c\u0438 \u0442\u0430 \u043f\u043e\u0442\u0440\u0435\u0431\u0430\u043c\u0438<\/p>\n<p><img decoding=\"async\" src=\"https:\/\/racunalniskiservis.net\/wp-content\/uploads\/2014\/11\/home_language_h2_icon.png\" alt=\"\" width=\"24\" height=\"35\" \/><\/p>\n<h6>\u041a\u0420\u041e\u041a 4<\/h6>\n<p>\u042f\u043a \u0437\u0430\u0434\u043e\u0432\u043e\u043b\u0435\u043d\u0438\u0439 \u043a\u043b\u0456\u0454\u043d\u0442, \u0432\u0438 \u043e\u0431\u043e\u0432'\u044f\u0437\u043a\u043e\u0432\u043e \u043f\u043e\u0440\u0435\u043a\u043e\u043c\u0435\u043d\u0434\u0443\u0454\u0442\u0435 \u043d\u0430\u0441<br \/>\n<img decoding=\"async\" src=\"https:\/\/racunalniskiservis.net\/wp-content\/uploads\/2019\/11\/itservice3-home-num1.png\" alt=\"\" \/><\/p>\n<p>\u0417\u0430\u0432\u0436\u0434\u0438 \u0434\u043e\u0441\u0442\u0443\u043f\u043d\u0456 \u043e\u043d\u043b\u0430\u0439\u043d \u0430\u0431\u043e \u0437\u0430 \u0442\u0435\u043b\u0435\u0444\u043e\u043d\u043e\u043c<\/p>\n<p><img decoding=\"async\" src=\"https:\/\/racunalniskiservis.net\/wp-content\/uploads\/2019\/11\/itservice3-home-num2.png\" alt=\"\" \/><\/p>\n<p>\u041c\u043e\u0431\u0456\u043b\u044c\u043d\u0456\u0441\u0442\u044c \u0443 \u043f\u043e\u043b\u0456 \u0447\u0438 \u0432 \u043e\u0444\u0456\u0441\u0456<\/p>\n<p><img decoding=\"async\" src=\"https:\/\/racunalniskiservis.net\/wp-content\/uploads\/2019\/11\/itservice3-home-num3.png\" alt=\"\" \/><\/p>\n<p>\u0411\u0430\u0433\u0430\u0442\u043e\u0440\u0456\u0447\u043d\u0438\u0439 \u0434\u043e\u0441\u0432\u0456\u0434 \u0456 \u0437\u043d\u0430\u043d\u043d\u044f<\/p>\n<p><img decoding=\"async\" src=\"https:\/\/racunalniskiservis.net\/wp-content\/uploads\/2019\/11\/itservice3-home-num4.png\" alt=\"\" \/><\/p>","protected":false},"excerpt":{"rendered":"<p>KORAK 1 Imate te\u017eave z ra\u010dunalnikom? KORAK 2 Naro\u010dite se na sestanek na domu ali v poslovalnici KORAK 3 Pomagali vam bomo pri vseh ra\u010dunalni\u0161kih te\u017eavah<span class=\"excerpt-hellip\"> [\u2026]<\/span><\/p>","protected":false},"author":3,"featured_media":0,"parent":0,"menu_order":0,"comment_status":"open","ping_status":"open","template":"","meta":{"_seopress_robots_primary_cat":"","_seopress_titles_title":"","_seopress_titles_desc":"","_seopress_robots_index":"","footnotes":""},"class_list":["post-2","page","type-page","status-publish","hentry"],"_links":{"self":[{"href":"https:\/\/racunalniskiservis.net\/uk\/wp-json\/wp\/v2\/pages\/2","targetHints":{"allow":["GET"]}}],"collection":[{"href":"https:\/\/racunalniskiservis.net\/uk\/wp-json\/wp\/v2\/pages"}],"about":[{"href":"https:\/\/racunalniskiservis.net\/uk\/wp-json\/wp\/v2\/types\/page"}],"author":[{"embeddable":true,"href":"https:\/\/racunalniskiservis.net\/uk\/wp-json\/wp\/v2\/users\/3"}],"replies":[{"embeddable":true,"href":"https:\/\/racunalniskiservis.net\/uk\/wp-json\/wp\/v2\/comments?post=2"}],"version-history":[{"count":32,"href":"https:\/\/racunalniskiservis.net\/uk\/wp-json\/wp\/v2\/pages\/2\/revisions"}],"predecessor-version":[{"id":35280,"href":"https:\/\/racunalniskiservis.net\/uk\/wp-json\/wp\/v2\/pages\/2\/revisions\/35280"}],"wp:attachment":[{"href":"https:\/\/racunalniskiservis.net\/uk\/wp-json\/wp\/v2\/media?parent=2"}],"curies":[{"name":"wp","href":"https:\/\/api.w.org\/{rel}","templated":true}]}}