{"id":2,"date":"2019-11-12T15:49:44","date_gmt":"2019-11-12T15:49:44","guid":{"rendered":"https:\/\/themes.muffingroup.com\/be\/itservice3\/?page_id=2"},"modified":"2025-05-27T10:40:20","modified_gmt":"2025-05-27T08:40:20","slug":"sample-page","status":"publish","type":"page","link":"https:\/\/racunalniskiservis.net\/cs\/sample-page\/","title":{"rendered":"Domov"},"content":{"rendered":"<p><img decoding=\"async\" src=\"https:\/\/racunalniskiservis.net\/wp-content\/uploads\/2019\/11\/itservice3-home-icon1.png\" alt=\"\" \/><\/p>\n<h6>KROK 1<\/h6>\n<p>M\u00e1te probl\u00e9my s po\u010d\u00edta\u010dem?<\/p>\n<p><img decoding=\"async\" src=\"https:\/\/racunalniskiservis.net\/wp-content\/uploads\/2019\/11\/itservice3-home-icon2.png\" alt=\"\" \/><\/p>\n<h6>KROK 2<\/h6>\n<p>Domluvte si sch\u016fzku doma nebo v kancel\u00e1\u0159i<\/p>\n<p><img decoding=\"async\" src=\"https:\/\/racunalniskiservis.net\/wp-content\/uploads\/2019\/11\/itservice3-home-icon3.png\" alt=\"\" \/><\/p>\n<h6>KROK 3<\/h6>\n<p>Pom\u016f\u017eeme v\u00e1m se v\u0161emi probl\u00e9my a pot\u0159ebami v oblasti po\u010d\u00edta\u010d\u016f.<\/p>\n<p><img decoding=\"async\" src=\"https:\/\/racunalniskiservis.net\/wp-content\/uploads\/2014\/11\/home_language_h2_icon.png\" alt=\"\" width=\"24\" height=\"35\" \/><\/p>\n<h6>KROK 4<\/h6>\n<p>Kot zadovoljna stranka nas zagotovo priporo\u010date<br \/>\n<img decoding=\"async\" src=\"https:\/\/racunalniskiservis.net\/wp-content\/uploads\/2019\/11\/itservice3-home-num1.png\" alt=\"\" \/><\/p>\n<p>V\u017edy k dispozici online nebo telefonicky<\/p>\n<p><img decoding=\"async\" src=\"https:\/\/racunalniskiservis.net\/wp-content\/uploads\/2019\/11\/itservice3-home-num2.png\" alt=\"\" \/><\/p>\n<p>Mobiln\u00ed v ter\u00e9nu nebo v kancel\u00e1\u0159i<\/p>\n<p><img decoding=\"async\" src=\"https:\/\/racunalniskiservis.net\/wp-content\/uploads\/2019\/11\/itservice3-home-num3.png\" alt=\"\" \/><\/p>\n<p>Dlouholet\u00e9 zku\u0161enosti a znalosti<\/p>\n<p><img decoding=\"async\" src=\"https:\/\/racunalniskiservis.net\/wp-content\/uploads\/2019\/11\/itservice3-home-num4.png\" alt=\"\" \/><\/p>","protected":false},"excerpt":{"rendered":"<p>KORAK 1 Imate te\u017eave z ra\u010dunalnikom? KORAK 2 Naro\u010dite se na sestanek na domu ali v poslovalnici KORAK 3 Pomagali vam bomo pri vseh ra\u010dunalni\u0161kih te\u017eavah<span class=\"excerpt-hellip\"> [\u2026]<\/span><\/p>","protected":false},"author":3,"featured_media":0,"parent":0,"menu_order":0,"comment_status":"open","ping_status":"open","template":"","meta":{"_seopress_robots_primary_cat":"","_seopress_titles_title":"","_seopress_titles_desc":"","_seopress_robots_index":"","footnotes":""},"class_list":["post-2","page","type-page","status-publish","hentry"],"_links":{"self":[{"href":"https:\/\/racunalniskiservis.net\/cs\/wp-json\/wp\/v2\/pages\/2","targetHints":{"allow":["GET"]}}],"collection":[{"href":"https:\/\/racunalniskiservis.net\/cs\/wp-json\/wp\/v2\/pages"}],"about":[{"href":"https:\/\/racunalniskiservis.net\/cs\/wp-json\/wp\/v2\/types\/page"}],"author":[{"embeddable":true,"href":"https:\/\/racunalniskiservis.net\/cs\/wp-json\/wp\/v2\/users\/3"}],"replies":[{"embeddable":true,"href":"https:\/\/racunalniskiservis.net\/cs\/wp-json\/wp\/v2\/comments?post=2"}],"version-history":[{"count":32,"href":"https:\/\/racunalniskiservis.net\/cs\/wp-json\/wp\/v2\/pages\/2\/revisions"}],"predecessor-version":[{"id":35280,"href":"https:\/\/racunalniskiservis.net\/cs\/wp-json\/wp\/v2\/pages\/2\/revisions\/35280"}],"wp:attachment":[{"href":"https:\/\/racunalniskiservis.net\/cs\/wp-json\/wp\/v2\/media?parent=2"}],"curies":[{"name":"wp","href":"https:\/\/api.w.org\/{rel}","templated":true}]}}