{"id":10,"date":"2014-11-20T10:13:23","date_gmt":"2014-11-20T10:13:23","guid":{"rendered":"http:\/\/themes.muffingroup.com\/be\/language\/?page_id=10"},"modified":"2020-04-04T17:23:30","modified_gmt":"2020-04-04T15:23:30","slug":"kontakt","status":"publish","type":"page","link":"https:\/\/racunalniskiservis.net\/cs\/kontakt\/","title":{"rendered":"KONTAKT"},"content":{"rendered":"","protected":false},"excerpt":{"rendered":"","protected":false},"author":4,"featured_media":0,"parent":0,"menu_order":0,"comment_status":"open","ping_status":"closed","template":"","meta":{"_seopress_robots_primary_cat":"","_seopress_titles_title":"%%sitename%% %%sep%% %%title%%","_seopress_titles_desc":"MegaByte - Computer servis - Hiter in zanesljiv servis ra\u010dunalnikov. Prodaja in pogodbeno vzdr\u017eevanje ra\u010dunalni\u0161ke opreme. Izdelava spletnih strani.","_seopress_robots_index":"","footnotes":""},"class_list":["post-10","page","type-page","status-publish","hentry"],"_links":{"self":[{"href":"https:\/\/racunalniskiservis.net\/cs\/wp-json\/wp\/v2\/pages\/10","targetHints":{"allow":["GET"]}}],"collection":[{"href":"https:\/\/racunalniskiservis.net\/cs\/wp-json\/wp\/v2\/pages"}],"about":[{"href":"https:\/\/racunalniskiservis.net\/cs\/wp-json\/wp\/v2\/types\/page"}],"author":[{"embeddable":true,"href":"https:\/\/racunalniskiservis.net\/cs\/wp-json\/wp\/v2\/users\/4"}],"replies":[{"embeddable":true,"href":"https:\/\/racunalniskiservis.net\/cs\/wp-json\/wp\/v2\/comments?post=10"}],"version-history":[{"count":0,"href":"https:\/\/racunalniskiservis.net\/cs\/wp-json\/wp\/v2\/pages\/10\/revisions"}],"wp:attachment":[{"href":"https:\/\/racunalniskiservis.net\/cs\/wp-json\/wp\/v2\/media?parent=10"}],"curies":[{"name":"wp","href":"https:\/\/api.w.org\/{rel}","templated":true}]}}